{"id":1880,"date":"2023-04-24T09:30:07","date_gmt":"2023-04-24T09:30:07","guid":{"rendered":"https:\/\/www.distribucionesvillar.com\/?page_id=1880"},"modified":"2023-04-24T09:30:09","modified_gmt":"2023-04-24T09:30:09","slug":"aviso-legal","status":"publish","type":"page","link":"https:\/\/www.distribucionesvillar.com\/en\/aviso-legal\/","title":{"rendered":"<p>Aviso Legal<\/p>"},"content":{"rendered":"<h2>Identificaci&oacute;n y Titularidad<p>\n\t\tEn cumplimiento del art&iacute;culo 10 de la Ley 34\/2002, de 11 de julio, de Servicios de la Sociedad de la Informaci&oacute;n y Comercio Electr&oacute;nico, el Titular expone sus datos identificativos:\n<\/p><p>\n\t<\/p><ul>\t\t\n\t\t<li>\n\t\t\t<b>Titular:<\/b>&nbsp;\t\t\n\t\t\tEsther Villar Rodal.\n\t\t\t\n\t\t<\/li>\n\t\t\n\t\t<li>\n\t\t\t<b>NIF:<\/b>&nbsp;15922738E\n\t\t\t\n\t\t<\/li>\n\n\n\t\t<li>\n\t\t\t<b>Domicilio:<\/b>&nbsp;\n\t\t\t Celso Rivas Perez 4, Bajo, 36208,  Pontevedra - Espa&ntilde;a.\n\t\t<\/li>\n\t\t\n\t\t<li>\n\t\t\t<b>Correo electr&oacute;nico:<\/b>&nbsp;\n\t\t\tvillar@distribucionesvillar.com\n\t\t<\/li>\n\t\t\n\t\t<li>\n\t\t\t<b>Tel&eacute;fono de contacto:<\/b>&nbsp;\n\t\t\t639308482\n\t\t<\/li>\n\n\t\t<li>\n\t\t\t<b>Sitio Web:<\/b>&nbsp;\n\t\t\t<a href=\"https:\/\/www.distribucionesvillar.com\/en\/\">https:\/\/www.distribucionesvillar.com<\/a>\n\t\t<\/li>\n\t<\/ul><h2>Finalidad<\/h2><p>\n\tLa finalidad del Sitio Web es: Distribuidor de Productos de Limpieza.\t\n<\/p><h2>Condiciones de Uso<\/h2><p>\n\tLa utilizaci&oacute;n del Sitio Web le otorga la condici&oacute;n de Usuario, e implica la aceptaci&oacute;n completa de todas las cl&aacute;usulas y condiciones de uso incluidas en las p&aacute;ginas:\n\t<\/p><ul>\t\t\n\t\t<li><a href=\"https:\/\/www.distribucionesvillar.com\/en\/aviso-legal\/\">Aviso Legal<\/a><\/li>\n\t\t<li><a href=\"https:\/\/www.distribucionesvillar.com\/en\/politica-de-privacidad\/\">Pol&iacute;tica de Privacidad<\/a><\/li>\n\t\t<li><a href=\"https:\/\/www.distribucionesvillar.com\/en\/politica-de-cookies\/\">Pol&iacute;tica de Cookies<\/a><\/li>\n\t<\/ul><p>\n\tSi no estuviera conforme con todas y cada una de estas cl&aacute;usulas y condiciones abst&eacute;ngase de utilizar el Sitio Web.\n<\/p><p>\t\n\tEl acceso al Sitio Web no supone, en modo alguno, el inicio de una relaci&oacute;n comercial con el Titular.\n<\/p><p>\t\n\tA trav&eacute;s del Sitio Web, el Titular le facilita el acceso y la utilizaci&oacute;n de diversos contenidos que el Titular y\/o sus colaboradores han publicado por medio de Internet.\n<\/p><p>\n\tA tal efecto, est&aacute; obligado y comprometido a NO utilizar cualquiera de los contenidos del Sitio Web con fines o efectos il&iacute;citos, prohibidos en este Aviso Legal o por la legislaci&oacute;n vigente, lesivos de los derechos e intereses de terceros, o que de cualquier forma puedan da&ntilde;ar, inutilizar, sobrecargar, deteriorar o impedir la normal utilizaci&oacute;n de los contenidos, los equipos inform&aacute;ticos o los documentos, archivos y toda clase de contenidos almacenados en cualquier equipo inform&aacute;tico propios o contratados por el Titular, de otros usuarios o de cualquier usuario de Internet.\n<\/p><p>\n\tEl Titular se reserva el derecho de retirar todos aquellos comentarios que vulneren la legislaci&oacute;n vigente, lesivos de los derechos o intereses de terceros, o que, a su juicio, no resulten adecuados para su publicaci&oacute;n.\n<\/p><p>\n\tEl Titular no ser&aacute; responsable de las opiniones vertidas por los usuarios a trav&eacute;s del sistema de comentarios, redes sociales u otras herramientas de participaci&oacute;n, conforme a lo previsto en la normativa de aplicaci&oacute;n.\n<\/p><h2>Medidas de seguridad<\/h2><p>\n\tLos datos personales que facilite al Titular pueden ser almacenados en bases de datos automatizadas o no, cuya titularidad corresponde en exclusiva al Titular, que asume todas las medidas de &iacute;ndole t&eacute;cnica, organizativa y de seguridad que garantizan la confidencialidad, integridad y calidad de la informaci&oacute;n contenida en las mismas de acuerdo con lo establecido en la normativa vigente en protecci&oacute;n de datos.\n<\/p><p>\n\tNo obstante, debe ser consciente de que las medidas de seguridad de los sistemas inform&aacute;ticos en Internet no son enteramente fiables y que, por tanto el Titular no puede garantizar la inexistencia de virus u otros elementos que puedan producir alteraciones en los sistemas inform&aacute;ticos (software y hardware) del Usuario o en sus documentos electr&oacute;nicos y ficheros contenidos en los mismos aunque el Titular pone todos los medios necesarios y toma las medidas de seguridad oportunas para evitar la presencia de estos elementos da&ntilde;inos.\n<\/p><h2>Tratamiento de Datos Personales<\/h2><p>\t\n\tPuede consultar toda la informaci&oacute;n relativa al tratamiento de datos personales que recoge el Titular en la p&aacute;gina de  <a href=\"https:\/\/www.distribucionesvillar.com\/en\/politica-de-privacidad\/\">Pol&iacute;tica de Privacidad<\/a>.\n<\/p><h2>Contenidos<\/h2><p>\n\tEl Titular ha obtenido la informaci&oacute;n, el contenido multimedia y los materiales incluidos en el Sitio Web de fuentes que considera fiables, pero, si bien ha tomado todas las medidas razonables para asegurar que la informaci&oacute;n contenida es correcta, el Titular no garantiza que sea exacta, completa o actualizada. El Titular declina expresamente cualquier responsabilidad por error u omisi&oacute;n en la informaci&oacute;n contenida en las p&aacute;ginas del Sitio Web.\n<\/p><p>\n\tQueda prohibido transmitir o enviar a trav&eacute;s del Sitio Web cualquier contenido ilegal o il&iacute;cito, virus inform&aacute;ticos, o mensajes que, en general, afecten o violen derechos del Titular o de terceros.\n<\/p><p>\n\tLos contenidos del Sitio Web tienen &uacute;nicamente una finalidad informativa y bajo ninguna circunstancia deben usarse ni considerarse como oferta de venta, solicitud de una oferta de compra ni recomendaci&oacute;n para realizar cualquier otra operaci&oacute;n, salvo que as&iacute; se indique expresamente.\n<\/p><p>\n\tEl Titular se reserva el derecho a modificar, suspender, cancelar o restringir el contenido del Sitio Web, los v&iacute;nculos o la informaci&oacute;n obtenida a trav&eacute;s del Sitio Web, sin necesidad de previo aviso.\n<\/p><p>\n\tEl Titular&nbsp;no es responsable de los da&ntilde;os y perjuicios que pudieran derivarse de la utilizaci&oacute;n de la informaci&oacute;n del Sitio Web o de la contenida en las redes sociales del Titular.\n<\/p><h2>Pol&iacute;tica de cookies<\/h2><p>\n\tPuede consultar toda la informaci&oacute;n relativa a la pol&iacute;tica de recogida y tratamiento de las cookies en la p&aacute;gina de  <a href=\"https:\/\/www.distribucionesvillar.com\/en\/politica-de-cookies\/\">Pol&iacute;tica de Cookies<\/a>.\n<\/p><h2>Enlaces a otros sitios Web<\/h2><p>\n\tEl Titular puede proporcionarle acceso a sitios Web de terceros mediante enlaces con la finalidad exclusiva de informar sobre la existencia de otras fuentes de informaci&oacute;n en Internet en las que podr&aacute; ampliar los datos ofrecidos en el Sitio Web.\n<\/p><p>\t\n\tEstos enlaces a otros sitios Web no suponen en ning&uacute;n caso una sugerencia o recomendaci&oacute;n para que usted visite las p&aacute;ginas web de destino, que est&aacute;n fuera del control del Titular, por lo que el Titular no es responsable del contenido de los sitios web vinculados ni del resultado que obtenga al seguir los enlaces.\n\tAsimismo, el Titular no responde de los links o enlaces ubicados en los sitios web vinculados a los que le proporciona acceso.\n<\/p><p>\n\tEl establecimiento del enlace no implica en ning&uacute;n caso la existencia de relaciones entre el Titular y el propietario del sitio en el que se establezca el enlace, ni la aceptaci&oacute;n o aprobaci&oacute;n por parte del Titular de sus contenidos o servicios.\n<\/p><p>\t\n\tSi accede a un sitio web externo desde un enlace que encuentre en el Sitio Web usted deber&aacute; leer la propia pol&iacute;tica de privacidad del otro sitio web que puede ser diferente de la de este sitio Web.\n<\/p><h2>Propiedad intelectual e industrial<\/h2><p>\n\tTodos los derechos est&aacute;n reservados.\n<\/p><p>\n\tTodo acceso a este Sitio Web est&aacute; sujeto a las siguientes condiciones: la reproducci&oacute;n, almacenaje permanente y la difusi&oacute;n de los contenidos o cualquier otro uso que tenga finalidad p&uacute;blica o comercial queda expresamente prohibida sin el consentimiento previo expreso y por escrito del Titular.\n<\/p><h2>Limitaci&oacute;n de responsabilidad<\/h2><p>\n\tEl Titular declina cualquier responsabilidad en caso de que existan interrupciones o un mal funcionamiento de los Servicios o contenidos ofrecidos en Internet, cualquiera que sea su causa. Asimismo, el Titular no se hace responsable por ca&iacute;das de la red, p&eacute;rdidas de negocio a consecuencia de dichas ca&iacute;das, suspensiones temporales de fluido el&eacute;ctrico o cualquier otro tipo de da&ntilde;o indirecto que te pueda ser causado por causas ajenas a el Titular.\n<\/p><p>\n\tAntes de tomar decisiones y\/o acciones con base a la informaci&oacute;n incluida en el Sitio Web, el Titular le recomienda comprobar y contrastar la informaci&oacute;n recibida con otras fuentes.\n<\/p><h2>Jurisdicci&oacute;n<\/h2><p>\t\n\tEste Aviso Legal se rige &iacute;ntegramente por la legislaci&oacute;n espa&ntilde;ola.\n<\/p><h2>Contacto<\/h2><p>\t\n\tEn caso de que usted tenga cualquier duda acerca de este Aviso Legal o quiera realizar cualquier comentario sobre el Sitio Web, puede enviar un mensaje de correo electr&oacute;nico a la direcci&oacute;n: villar@distribucionesvillar.com\n<\/p><\/h2>","protected":false},"excerpt":{"rendered":"<p>Identificaci&oacute;n y Titularidad En cumplimiento del art&iacute;culo 10 de la Ley 34\/2002, de 11 de julio, de Servicios de la Sociedad de la Informaci&oacute;n y Comercio Electr&oacute;nico, el Titular expone sus datos identificativos: Titular:&nbsp; Esther Villar Rodal. NIF:&nbsp;15922738E Domicilio:&nbsp; Celso Rivas Perez 4, Bajo, 36208, Pontevedra &ndash; Espa&ntilde;a. Correo electr&oacute;nico:&nbsp; villar@distribucionesvillar.com Tel&eacute;fono de contacto:&nbsp; 639308482 &hellip;<p class=\"read-more\"> <a class=\"\" href=\"https:\/\/www.distribucionesvillar.com\/en\/aviso-legal\/\"> <span class=\"screen-reader-text\">Aviso Legal<\/span> Read More &raquo;<\/a><\/p><\/p>","protected":false},"author":2,"featured_media":0,"parent":0,"menu_order":0,"comment_status":"closed","ping_status":"closed","template":"","meta":{"site-sidebar-layout":"default","site-content-layout":"","ast-site-content-layout":"","site-content-style":"default","site-sidebar-style":"default","ast-global-header-display":"","ast-banner-title-visibility":"","ast-main-header-display":"","ast-hfb-above-header-display":"","ast-hfb-below-header-display":"","ast-hfb-mobile-header-display":"","site-post-title":"","ast-breadcrumbs-content":"","ast-featured-img":"","footer-sml-layout":"","theme-transparent-header-meta":"","adv-header-id-meta":"","stick-header-meta":"","header-above-stick-meta":"","header-main-stick-meta":"","header-below-stick-meta":"","astra-migrate-meta-layouts":"","ast-page-background-enabled":"default","ast-page-background-meta":{"desktop":{"background-color":"var(--ast-global-color-4)","background-image":"","background-repeat":"repeat","background-position":"center center","background-size":"auto","background-attachment":"scroll","background-type":"","background-media":"","overlay-type":"","overlay-color":"","overlay-gradient":""},"tablet":{"background-color":"","background-image":"","background-repeat":"repeat","background-position":"center center","background-size":"auto","background-attachment":"scroll","background-type":"","background-media":"","overlay-type":"","overlay-color":"","overlay-gradient":""},"mobile":{"background-color":"","background-image":"","background-repeat":"repeat","background-position":"center center","background-size":"auto","background-attachment":"scroll","background-type":"","background-media":"","overlay-type":"","overlay-color":"","overlay-gradient":""}},"ast-content-background-meta":{"desktop":{"background-color":"var(--ast-global-color-5)","background-image":"","background-repeat":"repeat","background-position":"center center","background-size":"auto","background-attachment":"scroll","background-type":"","background-media":"","overlay-type":"","overlay-color":"","overlay-gradient":""},"tablet":{"background-color":"var(--ast-global-color-5)","background-image":"","background-repeat":"repeat","background-position":"center center","background-size":"auto","background-attachment":"scroll","background-type":"","background-media":"","overlay-type":"","overlay-color":"","overlay-gradient":""},"mobile":{"background-color":"var(--ast-global-color-5)","background-image":"","background-repeat":"repeat","background-position":"center center","background-size":"auto","background-attachment":"scroll","background-type":"","background-media":"","overlay-type":"","overlay-color":"","overlay-gradient":""}},"footnotes":"","_joinchat":[]},"yoast_head":"<!-- This site is optimized with the Yoast SEO plugin v23.5 - https:\/\/yoast.com\/wordpress\/plugins\/seo\/ -->\n<title>Aviso Legal - Distribuciones Villar<\/title>\n<meta name=\"robots\" content=\"index, follow, max-snippet:-1, max-image-preview:large, max-video-preview:-1\" \/>\n<link rel=\"canonical\" href=\"https:\/\/www.distribucionesvillar.com\/en\/aviso-legal\/\" \/>\n<meta property=\"og:locale\" content=\"en_GB\" \/>\n<meta property=\"og:type\" content=\"article\" \/>\n<meta property=\"og:title\" content=\"Aviso Legal - Distribuciones Villar\" \/>\n<meta property=\"og:description\" content=\"Identificaci\u00f3n y Titularidad En cumplimiento del art\u00edculo 10 de la Ley 34\/2002, de 11 de julio, de Servicios de la Sociedad de la Informaci\u00f3n y Comercio Electr\u00f3nico, el Titular expone sus datos identificativos: Titular:&nbsp; Esther Villar Rodal. NIF:&nbsp;15922738E Domicilio:&nbsp; Celso Rivas Perez 4, Bajo, 36208, Pontevedra - Espa\u00f1a. Correo electr\u00f3nico:&nbsp; villar@distribucionesvillar.com Tel\u00e9fono de contacto:&nbsp; 639308482 &hellip; Aviso Legal Read More &raquo;\" \/>\n<meta property=\"og:url\" content=\"https:\/\/www.distribucionesvillar.com\/en\/aviso-legal\/\" \/>\n<meta property=\"og:site_name\" content=\"Distribuciones Villar\" \/>\n<meta property=\"article:publisher\" content=\"https:\/\/www.facebook.com\/Distribucionesvillar\/\" \/>\n<meta property=\"article:modified_time\" content=\"2023-04-24T09:30:09+00:00\" \/>\n<meta property=\"og:image\" content=\"https:\/\/www.distribucionesvillar.com\/wp-content\/uploads\/2023\/03\/logo.png\" \/>\n\t<meta property=\"og:image:width\" content=\"537\" \/>\n\t<meta property=\"og:image:height\" content=\"199\" \/>\n\t<meta property=\"og:image:type\" content=\"image\/png\" \/>\n<meta name=\"twitter:card\" content=\"summary_large_image\" \/>\n<script type=\"application\/ld+json\" class=\"yoast-schema-graph\">{\"@context\":\"https:\/\/schema.org\",\"@graph\":[{\"@type\":\"WebPage\",\"@id\":\"https:\/\/www.distribucionesvillar.com\/aviso-legal\/\",\"url\":\"https:\/\/www.distribucionesvillar.com\/aviso-legal\/\",\"name\":\"Aviso Legal - Distribuciones Villar\",\"isPartOf\":{\"@id\":\"https:\/\/www.distribucionesvillar.com\/#website\"},\"datePublished\":\"2023-04-24T09:30:07+00:00\",\"dateModified\":\"2023-04-24T09:30:09+00:00\",\"breadcrumb\":{\"@id\":\"https:\/\/www.distribucionesvillar.com\/aviso-legal\/#breadcrumb\"},\"inLanguage\":\"en-GB\",\"potentialAction\":[{\"@type\":\"ReadAction\",\"target\":[\"https:\/\/www.distribucionesvillar.com\/aviso-legal\/\"]}]},{\"@type\":\"BreadcrumbList\",\"@id\":\"https:\/\/www.distribucionesvillar.com\/aviso-legal\/#breadcrumb\",\"itemListElement\":[{\"@type\":\"ListItem\",\"position\":1,\"name\":\"Portada\",\"item\":\"https:\/\/www.distribucionesvillar.com\/\"},{\"@type\":\"ListItem\",\"position\":2,\"name\":\"Aviso Legal\"}]},{\"@type\":\"WebSite\",\"@id\":\"https:\/\/www.distribucionesvillar.com\/#website\",\"url\":\"https:\/\/www.distribucionesvillar.com\/\",\"name\":\"Distribuciones Villar\",\"description\":\"Primeras marcas:  sistemas y art\u00edculos de limpieza, aseo e higiene. Tfno.  986 207 965\",\"publisher\":{\"@id\":\"https:\/\/www.distribucionesvillar.com\/#organization\"},\"potentialAction\":[{\"@type\":\"SearchAction\",\"target\":{\"@type\":\"EntryPoint\",\"urlTemplate\":\"https:\/\/www.distribucionesvillar.com\/?s={search_term_string}\"},\"query-input\":{\"@type\":\"PropertyValueSpecification\",\"valueRequired\":true,\"valueName\":\"search_term_string\"}}],\"inLanguage\":\"en-GB\"},{\"@type\":\"Organization\",\"@id\":\"https:\/\/www.distribucionesvillar.com\/#organization\",\"name\":\"Distribuciones Villar\",\"url\":\"https:\/\/www.distribucionesvillar.com\/\",\"logo\":{\"@type\":\"ImageObject\",\"inLanguage\":\"en-GB\",\"@id\":\"https:\/\/www.distribucionesvillar.com\/#\/schema\/logo\/image\/\",\"url\":\"https:\/\/www.distribucionesvillar.com\/wp-content\/uploads\/2023\/03\/logo.png\",\"contentUrl\":\"https:\/\/www.distribucionesvillar.com\/wp-content\/uploads\/2023\/03\/logo.png\",\"width\":537,\"height\":199,\"caption\":\"Distribuciones Villar\"},\"image\":{\"@id\":\"https:\/\/www.distribucionesvillar.com\/#\/schema\/logo\/image\/\"},\"sameAs\":[\"https:\/\/www.facebook.com\/Distribucionesvillar\/\",\"https:\/\/www.instagram.com\/distribucionesvillargalicia\/\"]}]}<\/script>\n<!-- \/ Yoast SEO plugin. -->","yoast_head_json":{"title":"Aviso Legal - Distribuciones Villar","robots":{"index":"index","follow":"follow","max-snippet":"max-snippet:-1","max-image-preview":"max-image-preview:large","max-video-preview":"max-video-preview:-1"},"canonical":"https:\/\/www.distribucionesvillar.com\/en\/aviso-legal\/","og_locale":"en_GB","og_type":"article","og_title":"Aviso Legal - Distribuciones Villar","og_description":"Identificaci\u00f3n y Titularidad En cumplimiento del art\u00edculo 10 de la Ley 34\/2002, de 11 de julio, de Servicios de la Sociedad de la Informaci\u00f3n y Comercio Electr\u00f3nico, el Titular expone sus datos identificativos: Titular:&nbsp; Esther Villar Rodal. NIF:&nbsp;15922738E Domicilio:&nbsp; Celso Rivas Perez 4, Bajo, 36208, Pontevedra - Espa\u00f1a. Correo electr\u00f3nico:&nbsp; villar@distribucionesvillar.com Tel\u00e9fono de contacto:&nbsp; 639308482 &hellip; Aviso Legal Read More &raquo;","og_url":"https:\/\/www.distribucionesvillar.com\/en\/aviso-legal\/","og_site_name":"Distribuciones Villar","article_publisher":"https:\/\/www.facebook.com\/Distribucionesvillar\/","article_modified_time":"2023-04-24T09:30:09+00:00","og_image":[{"width":537,"height":199,"url":"https:\/\/www.distribucionesvillar.com\/wp-content\/uploads\/2023\/03\/logo.png","type":"image\/png"}],"twitter_card":"summary_large_image","schema":{"@context":"https:\/\/schema.org","@graph":[{"@type":"WebPage","@id":"https:\/\/www.distribucionesvillar.com\/aviso-legal\/","url":"https:\/\/www.distribucionesvillar.com\/aviso-legal\/","name":"Aviso Legal - Distribuciones Villar","isPartOf":{"@id":"https:\/\/www.distribucionesvillar.com\/#website"},"datePublished":"2023-04-24T09:30:07+00:00","dateModified":"2023-04-24T09:30:09+00:00","breadcrumb":{"@id":"https:\/\/www.distribucionesvillar.com\/aviso-legal\/#breadcrumb"},"inLanguage":"en-GB","potentialAction":[{"@type":"ReadAction","target":["https:\/\/www.distribucionesvillar.com\/aviso-legal\/"]}]},{"@type":"BreadcrumbList","@id":"https:\/\/www.distribucionesvillar.com\/aviso-legal\/#breadcrumb","itemListElement":[{"@type":"ListItem","position":1,"name":"Portada","item":"https:\/\/www.distribucionesvillar.com\/"},{"@type":"ListItem","position":2,"name":"Aviso Legal"}]},{"@type":"WebSite","@id":"https:\/\/www.distribucionesvillar.com\/#website","url":"https:\/\/www.distribucionesvillar.com\/","name":"Distribuciones Villar","description":"Primeras marcas:  sistemas y art\u00edculos de limpieza, aseo e higiene. Tfno.  986 207 965","publisher":{"@id":"https:\/\/www.distribucionesvillar.com\/#organization"},"potentialAction":[{"@type":"SearchAction","target":{"@type":"EntryPoint","urlTemplate":"https:\/\/www.distribucionesvillar.com\/?s={search_term_string}"},"query-input":{"@type":"PropertyValueSpecification","valueRequired":true,"valueName":"search_term_string"}}],"inLanguage":"en-GB"},{"@type":"Organization","@id":"https:\/\/www.distribucionesvillar.com\/#organization","name":"Distribuciones Villar","url":"https:\/\/www.distribucionesvillar.com\/","logo":{"@type":"ImageObject","inLanguage":"en-GB","@id":"https:\/\/www.distribucionesvillar.com\/#\/schema\/logo\/image\/","url":"https:\/\/www.distribucionesvillar.com\/wp-content\/uploads\/2023\/03\/logo.png","contentUrl":"https:\/\/www.distribucionesvillar.com\/wp-content\/uploads\/2023\/03\/logo.png","width":537,"height":199,"caption":"Distribuciones Villar"},"image":{"@id":"https:\/\/www.distribucionesvillar.com\/#\/schema\/logo\/image\/"},"sameAs":["https:\/\/www.facebook.com\/Distribucionesvillar\/","https:\/\/www.instagram.com\/distribucionesvillargalicia\/"]}]}},"_links":{"self":[{"href":"https:\/\/www.distribucionesvillar.com\/en\/wp-json\/wp\/v2\/pages\/1880"}],"collection":[{"href":"https:\/\/www.distribucionesvillar.com\/en\/wp-json\/wp\/v2\/pages"}],"about":[{"href":"https:\/\/www.distribucionesvillar.com\/en\/wp-json\/wp\/v2\/types\/page"}],"author":[{"embeddable":true,"href":"https:\/\/www.distribucionesvillar.com\/en\/wp-json\/wp\/v2\/users\/2"}],"replies":[{"embeddable":true,"href":"https:\/\/www.distribucionesvillar.com\/en\/wp-json\/wp\/v2\/comments?post=1880"}],"version-history":[{"count":1,"href":"https:\/\/www.distribucionesvillar.com\/en\/wp-json\/wp\/v2\/pages\/1880\/revisions"}],"predecessor-version":[{"id":1881,"href":"https:\/\/www.distribucionesvillar.com\/en\/wp-json\/wp\/v2\/pages\/1880\/revisions\/1881"}],"wp:attachment":[{"href":"https:\/\/www.distribucionesvillar.com\/en\/wp-json\/wp\/v2\/media?parent=1880"}],"curies":[{"name":"wp","href":"https:\/\/api.w.org\/{rel}","templated":true}]}}