{"id":1877,"date":"2023-04-24T09:27:07","date_gmt":"2023-04-24T09:27:07","guid":{"rendered":"https:\/\/www.distribucionesvillar.com\/?page_id=1877"},"modified":"2023-04-24T09:27:09","modified_gmt":"2023-04-24T09:27:09","slug":"preferencias-de-cookies","status":"publish","type":"page","link":"https:\/\/www.distribucionesvillar.com\/en\/preferencias-de-cookies\/","title":{"rendered":"<p>Preferencias de Cookies<\/p>"},"content":{"rendered":"<div>\n      <div id=\"custom-cookies-eu-label\">\n          El sitio Web https:\/\/www.distribucionesvillar.com utiliza cookies propias y de terceros para su correcto funcionamiento y para fines anal&iacute;ticos. Al hacer clic en el bot&oacute;n Aceptar, acepta el uso de estas tecnolog&iacute;as y el procesamiento de sus datos para estos prop&oacute;sitos.          \n\n      <\/div>\n\n      <div id=\"custom-cookies-eu-buttons\" class=\"cookies-eu-buttons\">\n        <button id=\"custom-cookies-eu-reject\" class=\"cookies-eu-reject\">Rechazar<\/button>\n        <button id=\"custom-cookies-eu-accept\" class=\"cookies-eu-accept\">ACEPTAR TODAS LAS COOKIES<\/button><\/div>\n      <br><p>\n\tPuedes cambiar tus preferencias de cookies en cualquier momento si vuelves a la p&aacute;gina de Personalizar cookies, a la que puedes acceder a trav&eacute;s del Aviso de cookies. Para obtener m&aacute;s informaci&oacute;n sobre las cookies y c&oacute;mo las usamos, consulta la p&aacute;gina de <a href=\"https:\/\/www.distribucionesvillar.com\/en\/politica-de-cookies\/\">Pol&iacute;tica de Cookies<\/a>.\n<\/p><h3>Cookies t&eacute;cnicas<\/h3><p>\n\tSon aquellas que permiten a los usuarios registrados navegar a trav&eacute;s del sitio Web, del &aacute;rea restringida y a utilizar sus diferentes funciones, como por ejemplo, el sistema de comentarios o el buscador y no pueden ser desactivadas.\n<\/p><div class=\"custom-cookies-option\">\n  <h3>Cookies de an&aacute;lisis o medici&oacute;n<\/h3>\n  <span>\n    <input type=\"radio\" name=\"cookies-analytics-option\" value=\"true\" class=\"custom-cookies-radio\" data-consent=\"ANLTCS\" id=\"custom-cookies-accept-analytics\">\n    <label for=\"custom-cookies-accept-analytics\">Activar<\/label>\n    &nbsp;&nbsp;\n    <input type=\"radio\" name=\"cookies-analytics-option\" value=\"false\" class=\"custom-cookies-radio\" data-consent=\"ANLTCS\" id=\"custom-cookies-reject-analytics\" checked>\n    <label for=\"custom-cookies-reject-analytics\">Desactivar<\/label>\n<\/span>\n<\/div><p>\n\tSon aquellas que, bien tratadas por el sitio Web o por terceros, permiten cuantificar el n&uacute;mero de usuarios y as&iacute; realizar la medici&oacute;n y an&aacute;lisis estad&iacute;stico de la utilizaci&oacute;n que hacen los usuarios del sitio Web. Para ello se analiza la navegaci&oacute;n que realizas en este sitio Web con el fin de mejorarlo.\n<\/p><div class=\"custom-cookies-option\">\n  <h3>Cookies sociales<\/h3>\n  <span>\n    <input type=\"radio\" name=\"cookies-social-option\" value=\"true\" class=\"custom-cookies-radio\" data-consent=\"SCLS\" id=\"custom-cookies-accept-social\">\n    <label for=\"custom-cookies-accept-social\">Activar<\/label>\n    &nbsp;&nbsp;\n    <input type=\"radio\" name=\"cookies-social-option\" value=\"false\" class=\"custom-cookies-radio\" data-consent=\"SCLS\" id=\"custom-cookies-reject-social\" checked>\n    <label for=\"custom-cookies-reject-social\">Desactivar<\/label>\n<\/span>\n<\/div><p>\n  Son establecidas por las plataformas de redes sociales para permitir a los usuarios compartir contenido con sus amigos y redes.  \n<\/p><\/div>","protected":false},"excerpt":{"rendered":"<p>El sitio Web https:\/\/www.distribucionesvillar.com utiliza cookies propias y de terceros para su correcto funcionamiento y para fines anal&iacute;ticos. Al hacer clic en el bot&oacute;n Aceptar, acepta el uso de estas tecnolog&iacute;as y el procesamiento de sus datos para estos prop&oacute;sitos. Rechazar ACEPTAR TODAS LAS COOKIES Puedes cambiar tus preferencias de cookies en cualquier momento si &hellip;<p class=\"read-more\"> <a class=\"\" href=\"https:\/\/www.distribucionesvillar.com\/en\/preferencias-de-cookies\/\"> <span class=\"screen-reader-text\">Preferencias de Cookies<\/span> Read More &raquo;<\/a><\/p><\/p>","protected":false},"author":2,"featured_media":0,"parent":0,"menu_order":0,"comment_status":"closed","ping_status":"closed","template":"","meta":{"site-sidebar-layout":"default","site-content-layout":"","ast-site-content-layout":"","site-content-style":"default","site-sidebar-style":"default","ast-global-header-display":"","ast-banner-title-visibility":"","ast-main-header-display":"","ast-hfb-above-header-display":"","ast-hfb-below-header-display":"","ast-hfb-mobile-header-display":"","site-post-title":"","ast-breadcrumbs-content":"","ast-featured-img":"","footer-sml-layout":"","theme-transparent-header-meta":"","adv-header-id-meta":"","stick-header-meta":"","header-above-stick-meta":"","header-main-stick-meta":"","header-below-stick-meta":"","astra-migrate-meta-layouts":"","ast-page-background-enabled":"default","ast-page-background-meta":{"desktop":{"background-color":"var(--ast-global-color-4)","background-image":"","background-repeat":"repeat","background-position":"center center","background-size":"auto","background-attachment":"scroll","background-type":"","background-media":"","overlay-type":"","overlay-color":"","overlay-gradient":""},"tablet":{"background-color":"","background-image":"","background-repeat":"repeat","background-position":"center center","background-size":"auto","background-attachment":"scroll","background-type":"","background-media":"","overlay-type":"","overlay-color":"","overlay-gradient":""},"mobile":{"background-color":"","background-image":"","background-repeat":"repeat","background-position":"center center","background-size":"auto","background-attachment":"scroll","background-type":"","background-media":"","overlay-type":"","overlay-color":"","overlay-gradient":""}},"ast-content-background-meta":{"desktop":{"background-color":"var(--ast-global-color-5)","background-image":"","background-repeat":"repeat","background-position":"center center","background-size":"auto","background-attachment":"scroll","background-type":"","background-media":"","overlay-type":"","overlay-color":"","overlay-gradient":""},"tablet":{"background-color":"var(--ast-global-color-5)","background-image":"","background-repeat":"repeat","background-position":"center center","background-size":"auto","background-attachment":"scroll","background-type":"","background-media":"","overlay-type":"","overlay-color":"","overlay-gradient":""},"mobile":{"background-color":"var(--ast-global-color-5)","background-image":"","background-repeat":"repeat","background-position":"center center","background-size":"auto","background-attachment":"scroll","background-type":"","background-media":"","overlay-type":"","overlay-color":"","overlay-gradient":""}},"footnotes":"","_joinchat":[]},"yoast_head":"<!-- This site is optimized with the Yoast SEO plugin v23.5 - https:\/\/yoast.com\/wordpress\/plugins\/seo\/ -->\n<title>Preferencias de Cookies - Distribuciones Villar<\/title>\n<meta name=\"robots\" content=\"index, follow, max-snippet:-1, max-image-preview:large, max-video-preview:-1\" \/>\n<link rel=\"canonical\" href=\"https:\/\/www.distribucionesvillar.com\/en\/preferencias-de-cookies\/\" \/>\n<meta property=\"og:locale\" content=\"en_GB\" \/>\n<meta property=\"og:type\" content=\"article\" \/>\n<meta property=\"og:title\" content=\"Preferencias de Cookies - Distribuciones Villar\" \/>\n<meta property=\"og:description\" content=\"El sitio Web https:\/\/www.distribucionesvillar.com utiliza cookies propias y de terceros para su correcto funcionamiento y para fines anal\u00edticos. Al hacer clic en el bot\u00f3n Aceptar, acepta el uso de estas tecnolog\u00edas y el procesamiento de sus datos para estos prop\u00f3sitos. Rechazar ACEPTAR TODAS LAS COOKIES Puedes cambiar tus preferencias de cookies en cualquier momento si &hellip; Preferencias de Cookies Read More &raquo;\" \/>\n<meta property=\"og:url\" content=\"https:\/\/www.distribucionesvillar.com\/en\/preferencias-de-cookies\/\" \/>\n<meta property=\"og:site_name\" content=\"Distribuciones Villar\" \/>\n<meta property=\"article:publisher\" content=\"https:\/\/www.facebook.com\/Distribucionesvillar\/\" \/>\n<meta property=\"article:modified_time\" content=\"2023-04-24T09:27:09+00:00\" \/>\n<meta property=\"og:image\" content=\"https:\/\/www.distribucionesvillar.com\/wp-content\/uploads\/2023\/03\/logo.png\" \/>\n\t<meta property=\"og:image:width\" content=\"537\" \/>\n\t<meta property=\"og:image:height\" content=\"199\" \/>\n\t<meta property=\"og:image:type\" content=\"image\/png\" \/>\n<meta name=\"twitter:card\" content=\"summary_large_image\" \/>\n<script type=\"application\/ld+json\" class=\"yoast-schema-graph\">{\"@context\":\"https:\/\/schema.org\",\"@graph\":[{\"@type\":\"WebPage\",\"@id\":\"https:\/\/www.distribucionesvillar.com\/preferencias-de-cookies\/\",\"url\":\"https:\/\/www.distribucionesvillar.com\/preferencias-de-cookies\/\",\"name\":\"Preferencias de Cookies - Distribuciones Villar\",\"isPartOf\":{\"@id\":\"https:\/\/www.distribucionesvillar.com\/#website\"},\"datePublished\":\"2023-04-24T09:27:07+00:00\",\"dateModified\":\"2023-04-24T09:27:09+00:00\",\"breadcrumb\":{\"@id\":\"https:\/\/www.distribucionesvillar.com\/preferencias-de-cookies\/#breadcrumb\"},\"inLanguage\":\"en-GB\",\"potentialAction\":[{\"@type\":\"ReadAction\",\"target\":[\"https:\/\/www.distribucionesvillar.com\/preferencias-de-cookies\/\"]}]},{\"@type\":\"BreadcrumbList\",\"@id\":\"https:\/\/www.distribucionesvillar.com\/preferencias-de-cookies\/#breadcrumb\",\"itemListElement\":[{\"@type\":\"ListItem\",\"position\":1,\"name\":\"Portada\",\"item\":\"https:\/\/www.distribucionesvillar.com\/\"},{\"@type\":\"ListItem\",\"position\":2,\"name\":\"Preferencias de Cookies\"}]},{\"@type\":\"WebSite\",\"@id\":\"https:\/\/www.distribucionesvillar.com\/#website\",\"url\":\"https:\/\/www.distribucionesvillar.com\/\",\"name\":\"Distribuciones Villar\",\"description\":\"Primeras marcas:  sistemas y art\u00edculos de limpieza, aseo e higiene. Tfno.  986 207 965\",\"publisher\":{\"@id\":\"https:\/\/www.distribucionesvillar.com\/#organization\"},\"potentialAction\":[{\"@type\":\"SearchAction\",\"target\":{\"@type\":\"EntryPoint\",\"urlTemplate\":\"https:\/\/www.distribucionesvillar.com\/?s={search_term_string}\"},\"query-input\":{\"@type\":\"PropertyValueSpecification\",\"valueRequired\":true,\"valueName\":\"search_term_string\"}}],\"inLanguage\":\"en-GB\"},{\"@type\":\"Organization\",\"@id\":\"https:\/\/www.distribucionesvillar.com\/#organization\",\"name\":\"Distribuciones Villar\",\"url\":\"https:\/\/www.distribucionesvillar.com\/\",\"logo\":{\"@type\":\"ImageObject\",\"inLanguage\":\"en-GB\",\"@id\":\"https:\/\/www.distribucionesvillar.com\/#\/schema\/logo\/image\/\",\"url\":\"https:\/\/www.distribucionesvillar.com\/wp-content\/uploads\/2023\/03\/logo.png\",\"contentUrl\":\"https:\/\/www.distribucionesvillar.com\/wp-content\/uploads\/2023\/03\/logo.png\",\"width\":537,\"height\":199,\"caption\":\"Distribuciones Villar\"},\"image\":{\"@id\":\"https:\/\/www.distribucionesvillar.com\/#\/schema\/logo\/image\/\"},\"sameAs\":[\"https:\/\/www.facebook.com\/Distribucionesvillar\/\",\"https:\/\/www.instagram.com\/distribucionesvillargalicia\/\"]}]}<\/script>\n<!-- \/ Yoast SEO plugin. -->","yoast_head_json":{"title":"Preferencias de Cookies - Distribuciones Villar","robots":{"index":"index","follow":"follow","max-snippet":"max-snippet:-1","max-image-preview":"max-image-preview:large","max-video-preview":"max-video-preview:-1"},"canonical":"https:\/\/www.distribucionesvillar.com\/en\/preferencias-de-cookies\/","og_locale":"en_GB","og_type":"article","og_title":"Preferencias de Cookies - Distribuciones Villar","og_description":"El sitio Web https:\/\/www.distribucionesvillar.com utiliza cookies propias y de terceros para su correcto funcionamiento y para fines anal\u00edticos. Al hacer clic en el bot\u00f3n Aceptar, acepta el uso de estas tecnolog\u00edas y el procesamiento de sus datos para estos prop\u00f3sitos. Rechazar ACEPTAR TODAS LAS COOKIES Puedes cambiar tus preferencias de cookies en cualquier momento si &hellip; Preferencias de Cookies Read More &raquo;","og_url":"https:\/\/www.distribucionesvillar.com\/en\/preferencias-de-cookies\/","og_site_name":"Distribuciones Villar","article_publisher":"https:\/\/www.facebook.com\/Distribucionesvillar\/","article_modified_time":"2023-04-24T09:27:09+00:00","og_image":[{"width":537,"height":199,"url":"https:\/\/www.distribucionesvillar.com\/wp-content\/uploads\/2023\/03\/logo.png","type":"image\/png"}],"twitter_card":"summary_large_image","schema":{"@context":"https:\/\/schema.org","@graph":[{"@type":"WebPage","@id":"https:\/\/www.distribucionesvillar.com\/preferencias-de-cookies\/","url":"https:\/\/www.distribucionesvillar.com\/preferencias-de-cookies\/","name":"Preferencias de Cookies - Distribuciones Villar","isPartOf":{"@id":"https:\/\/www.distribucionesvillar.com\/#website"},"datePublished":"2023-04-24T09:27:07+00:00","dateModified":"2023-04-24T09:27:09+00:00","breadcrumb":{"@id":"https:\/\/www.distribucionesvillar.com\/preferencias-de-cookies\/#breadcrumb"},"inLanguage":"en-GB","potentialAction":[{"@type":"ReadAction","target":["https:\/\/www.distribucionesvillar.com\/preferencias-de-cookies\/"]}]},{"@type":"BreadcrumbList","@id":"https:\/\/www.distribucionesvillar.com\/preferencias-de-cookies\/#breadcrumb","itemListElement":[{"@type":"ListItem","position":1,"name":"Portada","item":"https:\/\/www.distribucionesvillar.com\/"},{"@type":"ListItem","position":2,"name":"Preferencias de Cookies"}]},{"@type":"WebSite","@id":"https:\/\/www.distribucionesvillar.com\/#website","url":"https:\/\/www.distribucionesvillar.com\/","name":"Distribuciones Villar","description":"Primeras marcas:  sistemas y art\u00edculos de limpieza, aseo e higiene. Tfno.  986 207 965","publisher":{"@id":"https:\/\/www.distribucionesvillar.com\/#organization"},"potentialAction":[{"@type":"SearchAction","target":{"@type":"EntryPoint","urlTemplate":"https:\/\/www.distribucionesvillar.com\/?s={search_term_string}"},"query-input":{"@type":"PropertyValueSpecification","valueRequired":true,"valueName":"search_term_string"}}],"inLanguage":"en-GB"},{"@type":"Organization","@id":"https:\/\/www.distribucionesvillar.com\/#organization","name":"Distribuciones Villar","url":"https:\/\/www.distribucionesvillar.com\/","logo":{"@type":"ImageObject","inLanguage":"en-GB","@id":"https:\/\/www.distribucionesvillar.com\/#\/schema\/logo\/image\/","url":"https:\/\/www.distribucionesvillar.com\/wp-content\/uploads\/2023\/03\/logo.png","contentUrl":"https:\/\/www.distribucionesvillar.com\/wp-content\/uploads\/2023\/03\/logo.png","width":537,"height":199,"caption":"Distribuciones Villar"},"image":{"@id":"https:\/\/www.distribucionesvillar.com\/#\/schema\/logo\/image\/"},"sameAs":["https:\/\/www.facebook.com\/Distribucionesvillar\/","https:\/\/www.instagram.com\/distribucionesvillargalicia\/"]}]}},"_links":{"self":[{"href":"https:\/\/www.distribucionesvillar.com\/en\/wp-json\/wp\/v2\/pages\/1877"}],"collection":[{"href":"https:\/\/www.distribucionesvillar.com\/en\/wp-json\/wp\/v2\/pages"}],"about":[{"href":"https:\/\/www.distribucionesvillar.com\/en\/wp-json\/wp\/v2\/types\/page"}],"author":[{"embeddable":true,"href":"https:\/\/www.distribucionesvillar.com\/en\/wp-json\/wp\/v2\/users\/2"}],"replies":[{"embeddable":true,"href":"https:\/\/www.distribucionesvillar.com\/en\/wp-json\/wp\/v2\/comments?post=1877"}],"version-history":[{"count":1,"href":"https:\/\/www.distribucionesvillar.com\/en\/wp-json\/wp\/v2\/pages\/1877\/revisions"}],"predecessor-version":[{"id":1878,"href":"https:\/\/www.distribucionesvillar.com\/en\/wp-json\/wp\/v2\/pages\/1877\/revisions\/1878"}],"wp:attachment":[{"href":"https:\/\/www.distribucionesvillar.com\/en\/wp-json\/wp\/v2\/media?parent=1877"}],"curies":[{"name":"wp","href":"https:\/\/api.w.org\/{rel}","templated":true}]}}