{"id":1485,"date":"2023-04-04T21:44:43","date_gmt":"2023-04-04T21:44:43","guid":{"rendered":"https:\/\/www.distribucionesvillar.com\/politica-de-cookies\/"},"modified":"2023-04-26T15:11:02","modified_gmt":"2023-04-26T15:11:02","slug":"politica-de-cookies","status":"publish","type":"page","link":"https:\/\/www.distribucionesvillar.com\/en\/politica-de-cookies\/","title":{"rendered":"<p>Pol&iacute;tica de Cookies<\/p>"},"content":{"rendered":"<h2>&iquest;Qu&eacute; son las cookies?<p>\n\tEn ingl&eacute;s, el t&eacute;rmino \"cookie\" significa galleta, pero en el &aacute;mbito de la navegaci&oacute;n web, una \"cookie\" es algo completamente distinto. Cuando accede a nuestro Sitio Web, en el navegador de su dispositivo se almacena una peque&ntilde;a cantidad de texto que se denomina \"cookie\". Este texto contiene informaci&oacute;n variada sobre su navegaci&oacute;n, h&aacute;bitos, preferencias, personalizaciones de contenidos, etc...\n<\/p><p>\n\tExisten otras tecnolog&iacute;as que funcionan de manera similar y que tambi&eacute;n se usan para recopilar datos sobre tu actividad de navegaci&oacute;n. Llamaremos \"cookies\" a todas estas tecnolog&iacute;as en su conjunto.\n<\/p><p>\n\tLos usos concretos que hacemos de estas tecnolog&iacute;as se describen en el presente documento.\n<\/p><h2>&iquest;Para qu&eacute; se utilizan las cookies en esta web?<\/h2><p>\n\tLas cookies son una parte esencial de c&oacute;mo funciona el Sitio Web. El objetivo principal de nuestras cookies es mejorar su experiencia en la navegaci&oacute;n. Por ejemplo, para recordar sus preferencias (idioma, pa&iacute;s, etc.) durante la navegaci&oacute;n y en futuras visitas. La informaci&oacute;n recogida en las cookies nos permite adem&aacute;s mejorar la web, adaptarla a sus intereses como usuario, acelerar las b&uacute;squedas que realice, etc..\n<\/p><p>\n\tEn determinados casos, si hemos obtenido su previo consentimiento informado, podremos utilizar cookies para otros usos, como por ejemplo para obtener informaci&oacute;n que nos permita mostrarle publicidad basada en el an&aacute;lisis de sus h&aacute;bitos de navegaci&oacute;n.\n<\/p><h2>&iquest;Para qu&eacute; NO se utilizan las cookies en esta web?<\/h2><p>\n\tEn las cookies que utilizamos no se almacena informaci&oacute;n sensible de identificaci&oacute;n personal como su nombre, direcci&oacute;n, tu contrase&ntilde;a, etc...\n<\/p><h2>&iquest;Qui&eacute;n utiliza la informaci&oacute;n almacenada en las cookies?<\/h2><p>\n\tLa informaci&oacute;n almacenada en las cookies de nuestro Sitio Web es utilizada exclusivamente por nosotros, a excepci&oacute;n de aquellas identificadas m&aacute;s adelante como \"cookie de terceros\", que son utilizadas y gestionadas por entidades externas que nos proporcionan servicios que mejoran la experiencia del usuario. Por ejemplo las estad&iacute;sticas que se recogen sobre el n&uacute;mero de visitas, el contenido que m&aacute;s gusta, etc... lo suele gestionar Google Analytics.\n<\/p><h2>&iquest;C&oacute;mo puede evitar el uso de cookies en este Sitio Web?<\/h2><p>\n\tSi prefiere evitar el uso de las cookies, puede RECHAZAR su uso o puede CONFIGURAR las que quiere evitar y las que permite utilizar (en este documento le damos informaci&oacute;n ampliada al respecto de cada tipo de cookie, su finalidad, destinatario, temporalidad, etc... ).\n<\/p><p>\n\tSi las ha aceptado, no volveremos a preguntarle a menos que borre las cookies en su dispositivo seg&uacute;n se indica en el apartado siguiente. Si quiere revocar el consentimiento tendr&aacute; que eliminar las cookies y volver a configurarlas.\n<\/p><h2>&iquest;C&oacute;mo deshabilito y elimino la utilizaci&oacute;n de cookies?<\/h2><p>\nEl Titular muestra informaci&oacute;n sobre su Pol&iacute;tica de cookies en el men&uacute; del pie de p&aacute;gina y en el banner de cookies accesible en todas las p&aacute;ginas del Sitio Web. El banner de cookies muestra informaci&oacute;n esencial sobre el tratamiento de datos y permite al Usuario realizar las siguientes acciones:\n<\/p><p>\n<\/p><ul>\n  <li>ACEPTAR o RECHAZAR la instalaci&oacute;n de cookies, o retirar el consentimiento previamente otorgado.<\/li>\n  <li>Cambiar las preferencias de cookies desde la p&aacute;gina Personalizar Cookies, a la que puede acceder desde el Aviso de Cookies o desde la p&aacute;gina de <a href=\"https:\/\/www.distribucionesvillar.com\/en\/preferencias-de-cookies\/\">Personalizar Cookies<\/a>.<\/li>\n  \n  <li>Obtener informaci&oacute;n adicional en la p&aacute;gina de  <a href=\"https:\/\/www.distribucionesvillar.com\/en\/politica-de-cookies\/\">Pol&iacute;tica de Cookies<\/a>.<\/li>\n<\/ul><p>\n\tPara restringir, bloquear o borrar las cookies de este Sitio Web (y las usada por terceros) puede hacerlo, en cualquier momento, modificando la configuraci&oacute;n de su navegador. Tenga en cuenta que esta configuraci&oacute;n es diferente en cada navegador.\n<\/p><p> \n  En los siguientes enlaces encontrar&aacute; instrucciones para habilitar o deshabilitar las cookies en los navegadores m&aacute;s comunes.\n<\/p><p>\n  <\/p><ul>\n    <li><a rel=\"nofollow\" target=\"_blank\" href=\"http:\/\/support.mozilla.org\/es\/kb\/habilitar-y-deshabilitar-cookies-que-los-sitios-we\">Firefox<\/a><\/li>\n    <li><a target=\"_blank\" rel=\"noopener noreferrer nofollow\" href=\"https:\/\/support.google.com\/chrome\/answer\/95647?hl=es\">Google Chrome<\/a><\/li>\n    <li><a target=\"_blank\" rel=\"noopener noreferrer nofollow\" href=\"https:\/\/support.microsoft.com\/es-es\/help\/17442\/windows-internet-explorer-delete-manage-cookies#ie=%22ie-10\">Internet Explorer<\/a><\/li>\n    <li><a target=\"_blank\" rel=\"noopener noreferrer nofollow\" href=\"https:\/\/support.microsoft.com\/es-es\/help\/4468242\/microsoft-edge-browsing-data-and-privacy\">Microsoft Edge<\/a><\/li>\n    <li><a rel=\"nofollow\" target=\"_blank\" href=\"http:\/\/support.apple.com\/kb\/HT1677?viewlocale=es_ES\">Safari<\/a><\/li>\n  <\/ul><h2>&iquest;Qu&eacute; tipos de cookies se utilizan en esta p&aacute;gina web?<\/h2><p>\n\tCada p&aacute;gina web utiliza sus propias cookies. En nuestra web utilizamos las que se indican a continuaci&oacute;n:\n<\/p><p>\n\t<b>SEG&Uacute;N LA ENTIDAD QUE LO GESTIONA<\/b>\n<\/p><p>\n\t<b>Cookies propias:<\/b>\n<\/p><p>\n\tSon aquellas que se env&iacute;an al equipo terminal del Usuario desde un equipo o dominio gestionado por el propio editor y desde el que se presta el servicio solicitado por el Usuario.\n<\/p><p>\n\t<b>Cookies de terceros:<\/b>\n<\/p><p>\n\tSon aquellas que se env&iacute;an al equipo terminal del Usuario desde un equipo o dominio que no es gestionado por el editor, sino por otra entidad que trata los datos obtenidos trav&eacute;s de las cookies.\n<\/p><p>\n\tEn el caso de que las cookies sean servidas desde un equipo o dominio gestionado por el propio editor, pero la informaci&oacute;n que se recoja mediante estas sea gestionada por un tercero, no pueden ser consideradas como cookies propias si el tercero las utiliza para sus propias finalidades (por ejemplo, la mejora de los servicios que presta o la prestaci&oacute;n de servicios de car&aacute;cter publicitario a favor de otras entidades).\n<\/p><p>\n\t<b>SEG&Uacute;N SU FINALIDAD<\/b>\n<\/p><p>\n\t<b>Cookies t&eacute;cnicas:<\/b>\n<\/p><p>\n\tSon aquellas necesarias para la navegaci&oacute;n y el buen funcionamiento de nuestro Sitio Web, como por ejemplo, controlar el tr&aacute;fico y la comunicaci&oacute;n de datos, identificar la sesi&oacute;n, acceder a partes de acceso restringido, realizar la solicitud de inscripci&oacute;n o participaci&oacute;n en un evento, contar visitas a efectos de la facturaci&oacute;n de licencias del software con el que funciona el servicio del Sitio Web, utilizar elementos de seguridad durante la navegaci&oacute;n, almacenar contenidos para la difusi&oacute;n de v&iacute;deos o sonido, habilitar contenidos din&aacute;micos (por ejemplo, animaci&oacute;n de carga de un texto o imagen) o compartir contenidos a trav&eacute;s de redes sociales.\n<\/p><p>\n\t<b>Cookies de an&aacute;lisis:<\/b>\n<\/p><p>\n\tPermiten cuantificar el n&uacute;mero de usuarios y as&iacute; realizar la medici&oacute;n y an&aacute;lisis estad&iacute;stico de la utilizaci&oacute;n que hacen los usuarios del Sitio Web. \n<\/p><p>\n\t<b>Cookies de preferencias o personalizaci&oacute;n:<\/b>\n<\/p><p>\n\tSon aquellas que permiten recordar informaci&oacute;n para que el Usuario acceda al servicio con determinadas caracter&iacute;sticas que pueden diferenciar su experiencia de la de otros usuarios, como, por ejemplo, el idioma, el n&uacute;mero de resultados a mostrar cuando el Usuario realiza una b&uacute;squeda, el aspecto o contenido del servicio en funci&oacute;n del tipo de navegador a trav&eacute;s del cual el Usuario accede al servicio o de la regi&oacute;n desde la que accede al servicio, etc.\n<\/p><p>\n\t<b>SEG&Uacute;N EL PLAZO DE TIEMPO QUE PERMANECEN ACTIVADAS<\/b>\n<\/p><p>\n\t<b>Cookies de sesi&oacute;n:<\/b>\n<\/p><p>\n\tSon aquellas dise&ntilde;adas para recabar y almacenar datos mientras el Usuario accede a una p&aacute;gina web.\n<\/p><p>\n\tSe suelen emplear para almacenar informaci&oacute;n que solo interesa conservar para la prestaci&oacute;n del servicio solicitado por el Usuario en una sola ocasi&oacute;n (por ejemplo, una lista de productos adquiridos) y desaparecen al terminar la sesi&oacute;n.\n<\/p><p>\n\t<b>Cookies persistentes:<\/b>\n<\/p><p>\n\tSon aquellas en las que los datos siguen almacenados en el terminal y pueden ser accedidos y tratados durante un periodo definido por el responsable de la cookie, y que puede ir de unos minutos a varios a&ntilde;os. A este respecto debe valorarse espec&iacute;ficamente si es necesaria la utilizaci&oacute;n de cookies persistentes, puesto que los riesgos para la privacidad podr&iacute;an reducirse mediante la utilizaci&oacute;n de cookies de sesi&oacute;n. En todo caso, cuando se instalen cookies persistentes, se recomienda reducir al m&iacute;nimo necesario su duraci&oacute;n temporal atendiendo a la finalidad de su uso. A estos efectos, el Dictamen 4\/2012 del GT29 indic&oacute; que para que una cookie pueda estar exenta del deber de consentimiento informado, su caducidad debe estar relacionada con su finalidad. Debido a ello, es mucho m&aacute;s probable que se consideren como exceptuadas las cookies de sesi&oacute;n que las persistentes.\n<\/p><p>\n\t<b>Detalle de cookies utilizadas en esta web:<\/b>\n<\/p><\/h2>","protected":false},"excerpt":{"rendered":"<p>&iquest;Qu&eacute; son las cookies? En ingl&eacute;s, el t&eacute;rmino \"cookie\" significa galleta, pero en el &aacute;mbito de la navegaci&oacute;n web, una \"cookie\" es algo completamente distinto. Cuando accede a nuestro Sitio Web, en el navegador de su dispositivo se almacena una peque&ntilde;a cantidad de texto que se denomina \"cookie\". Este texto contiene informaci&oacute;n variada sobre su &hellip;<p class=\"read-more\"> <a class=\"\" href=\"https:\/\/www.distribucionesvillar.com\/en\/politica-de-cookies\/\"> <span class=\"screen-reader-text\">Pol&iacute;tica de Cookies<\/span> Read More &raquo;<\/a><\/p><\/p>","protected":false},"author":2,"featured_media":0,"parent":0,"menu_order":0,"comment_status":"closed","ping_status":"closed","template":"","meta":{"site-sidebar-layout":"no-sidebar","site-content-layout":"page-builder","ast-site-content-layout":"","site-content-style":"default","site-sidebar-style":"default","ast-global-header-display":"","ast-banner-title-visibility":"","ast-main-header-display":"","ast-hfb-above-header-display":"","ast-hfb-below-header-display":"","ast-hfb-mobile-header-display":"","site-post-title":"disabled","ast-breadcrumbs-content":"","ast-featured-img":"disabled","footer-sml-layout":"","theme-transparent-header-meta":"","adv-header-id-meta":"","stick-header-meta":"","header-above-stick-meta":"","header-main-stick-meta":"","header-below-stick-meta":"","astra-migrate-meta-layouts":"","ast-page-background-enabled":"default","ast-page-background-meta":{"desktop":{"background-color":"var(--ast-global-color-4)","background-image":"","background-repeat":"repeat","background-position":"center center","background-size":"auto","background-attachment":"scroll","background-type":"","background-media":"","overlay-type":"","overlay-color":"","overlay-gradient":""},"tablet":{"background-color":"","background-image":"","background-repeat":"repeat","background-position":"center center","background-size":"auto","background-attachment":"scroll","background-type":"","background-media":"","overlay-type":"","overlay-color":"","overlay-gradient":""},"mobile":{"background-color":"","background-image":"","background-repeat":"repeat","background-position":"center center","background-size":"auto","background-attachment":"scroll","background-type":"","background-media":"","overlay-type":"","overlay-color":"","overlay-gradient":""}},"ast-content-background-meta":{"desktop":{"background-color":"var(--ast-global-color-5)","background-image":"","background-repeat":"repeat","background-position":"center center","background-size":"auto","background-attachment":"scroll","background-type":"","background-media":"","overlay-type":"","overlay-color":"","overlay-gradient":""},"tablet":{"background-color":"var(--ast-global-color-5)","background-image":"","background-repeat":"repeat","background-position":"center center","background-size":"auto","background-attachment":"scroll","background-type":"","background-media":"","overlay-type":"","overlay-color":"","overlay-gradient":""},"mobile":{"background-color":"var(--ast-global-color-5)","background-image":"","background-repeat":"repeat","background-position":"center center","background-size":"auto","background-attachment":"scroll","background-type":"","background-media":"","overlay-type":"","overlay-color":"","overlay-gradient":""}},"footnotes":"","_joinchat":[]},"yoast_head":"<!-- This site is optimized with the Yoast SEO plugin v23.5 - https:\/\/yoast.com\/wordpress\/plugins\/seo\/ -->\n<title>Pol\u00edtica de Cookies - Distribuciones Villar<\/title>\n<meta name=\"robots\" content=\"index, follow, max-snippet:-1, max-image-preview:large, max-video-preview:-1\" \/>\n<link rel=\"canonical\" href=\"https:\/\/www.distribucionesvillar.com\/en\/politica-de-cookies\/\" \/>\n<meta property=\"og:locale\" content=\"en_GB\" \/>\n<meta property=\"og:type\" content=\"article\" \/>\n<meta property=\"og:title\" content=\"Pol\u00edtica de Cookies - Distribuciones Villar\" \/>\n<meta property=\"og:description\" content=\"\u00bfQu\u00e9 son las cookies? En ingl\u00e9s, el t\u00e9rmino &quot;cookie&quot; significa galleta, pero en el \u00e1mbito de la navegaci\u00f3n web, una &quot;cookie&quot; es algo completamente distinto. Cuando accede a nuestro Sitio Web, en el navegador de su dispositivo se almacena una peque\u00f1a cantidad de texto que se denomina &quot;cookie&quot;. Este texto contiene informaci\u00f3n variada sobre su &hellip; Pol\u00edtica de Cookies Read More &raquo;\" \/>\n<meta property=\"og:url\" content=\"https:\/\/www.distribucionesvillar.com\/en\/politica-de-cookies\/\" \/>\n<meta property=\"og:site_name\" content=\"Distribuciones Villar\" \/>\n<meta property=\"article:publisher\" content=\"https:\/\/www.facebook.com\/Distribucionesvillar\/\" \/>\n<meta property=\"article:modified_time\" content=\"2023-04-26T15:11:02+00:00\" \/>\n<meta property=\"og:image\" content=\"https:\/\/www.distribucionesvillar.com\/wp-content\/uploads\/2023\/03\/logo.png\" \/>\n\t<meta property=\"og:image:width\" content=\"537\" \/>\n\t<meta property=\"og:image:height\" content=\"199\" \/>\n\t<meta property=\"og:image:type\" content=\"image\/png\" \/>\n<meta name=\"twitter:card\" content=\"summary_large_image\" \/>\n<script type=\"application\/ld+json\" class=\"yoast-schema-graph\">{\"@context\":\"https:\/\/schema.org\",\"@graph\":[{\"@type\":\"WebPage\",\"@id\":\"https:\/\/www.distribucionesvillar.com\/politica-de-cookies\/\",\"url\":\"https:\/\/www.distribucionesvillar.com\/politica-de-cookies\/\",\"name\":\"Pol\u00edtica de Cookies - Distribuciones Villar\",\"isPartOf\":{\"@id\":\"https:\/\/www.distribucionesvillar.com\/#website\"},\"datePublished\":\"2023-04-04T21:44:43+00:00\",\"dateModified\":\"2023-04-26T15:11:02+00:00\",\"breadcrumb\":{\"@id\":\"https:\/\/www.distribucionesvillar.com\/politica-de-cookies\/#breadcrumb\"},\"inLanguage\":\"en-GB\",\"potentialAction\":[{\"@type\":\"ReadAction\",\"target\":[\"https:\/\/www.distribucionesvillar.com\/politica-de-cookies\/\"]}]},{\"@type\":\"BreadcrumbList\",\"@id\":\"https:\/\/www.distribucionesvillar.com\/politica-de-cookies\/#breadcrumb\",\"itemListElement\":[{\"@type\":\"ListItem\",\"position\":1,\"name\":\"Portada\",\"item\":\"https:\/\/www.distribucionesvillar.com\/\"},{\"@type\":\"ListItem\",\"position\":2,\"name\":\"Pol\u00edtica de Cookies\"}]},{\"@type\":\"WebSite\",\"@id\":\"https:\/\/www.distribucionesvillar.com\/#website\",\"url\":\"https:\/\/www.distribucionesvillar.com\/\",\"name\":\"Distribuciones Villar\",\"description\":\"Primeras marcas:  sistemas y art\u00edculos de limpieza, aseo e higiene. Tfno.  986 207 965\",\"publisher\":{\"@id\":\"https:\/\/www.distribucionesvillar.com\/#organization\"},\"potentialAction\":[{\"@type\":\"SearchAction\",\"target\":{\"@type\":\"EntryPoint\",\"urlTemplate\":\"https:\/\/www.distribucionesvillar.com\/?s={search_term_string}\"},\"query-input\":{\"@type\":\"PropertyValueSpecification\",\"valueRequired\":true,\"valueName\":\"search_term_string\"}}],\"inLanguage\":\"en-GB\"},{\"@type\":\"Organization\",\"@id\":\"https:\/\/www.distribucionesvillar.com\/#organization\",\"name\":\"Distribuciones Villar\",\"url\":\"https:\/\/www.distribucionesvillar.com\/\",\"logo\":{\"@type\":\"ImageObject\",\"inLanguage\":\"en-GB\",\"@id\":\"https:\/\/www.distribucionesvillar.com\/#\/schema\/logo\/image\/\",\"url\":\"https:\/\/www.distribucionesvillar.com\/wp-content\/uploads\/2023\/03\/logo.png\",\"contentUrl\":\"https:\/\/www.distribucionesvillar.com\/wp-content\/uploads\/2023\/03\/logo.png\",\"width\":537,\"height\":199,\"caption\":\"Distribuciones Villar\"},\"image\":{\"@id\":\"https:\/\/www.distribucionesvillar.com\/#\/schema\/logo\/image\/\"},\"sameAs\":[\"https:\/\/www.facebook.com\/Distribucionesvillar\/\",\"https:\/\/www.instagram.com\/distribucionesvillargalicia\/\"]}]}<\/script>\n<!-- \/ Yoast SEO plugin. -->","yoast_head_json":{"title":"Pol\u00edtica de Cookies - Distribuciones Villar","robots":{"index":"index","follow":"follow","max-snippet":"max-snippet:-1","max-image-preview":"max-image-preview:large","max-video-preview":"max-video-preview:-1"},"canonical":"https:\/\/www.distribucionesvillar.com\/en\/politica-de-cookies\/","og_locale":"en_GB","og_type":"article","og_title":"Pol\u00edtica de Cookies - Distribuciones Villar","og_description":"\u00bfQu\u00e9 son las cookies? En ingl\u00e9s, el t\u00e9rmino &quot;cookie&quot; significa galleta, pero en el \u00e1mbito de la navegaci\u00f3n web, una &quot;cookie&quot; es algo completamente distinto. Cuando accede a nuestro Sitio Web, en el navegador de su dispositivo se almacena una peque\u00f1a cantidad de texto que se denomina &quot;cookie&quot;. Este texto contiene informaci\u00f3n variada sobre su &hellip; Pol\u00edtica de Cookies Read More &raquo;","og_url":"https:\/\/www.distribucionesvillar.com\/en\/politica-de-cookies\/","og_site_name":"Distribuciones Villar","article_publisher":"https:\/\/www.facebook.com\/Distribucionesvillar\/","article_modified_time":"2023-04-26T15:11:02+00:00","og_image":[{"width":537,"height":199,"url":"https:\/\/www.distribucionesvillar.com\/wp-content\/uploads\/2023\/03\/logo.png","type":"image\/png"}],"twitter_card":"summary_large_image","schema":{"@context":"https:\/\/schema.org","@graph":[{"@type":"WebPage","@id":"https:\/\/www.distribucionesvillar.com\/politica-de-cookies\/","url":"https:\/\/www.distribucionesvillar.com\/politica-de-cookies\/","name":"Pol\u00edtica de Cookies - Distribuciones Villar","isPartOf":{"@id":"https:\/\/www.distribucionesvillar.com\/#website"},"datePublished":"2023-04-04T21:44:43+00:00","dateModified":"2023-04-26T15:11:02+00:00","breadcrumb":{"@id":"https:\/\/www.distribucionesvillar.com\/politica-de-cookies\/#breadcrumb"},"inLanguage":"en-GB","potentialAction":[{"@type":"ReadAction","target":["https:\/\/www.distribucionesvillar.com\/politica-de-cookies\/"]}]},{"@type":"BreadcrumbList","@id":"https:\/\/www.distribucionesvillar.com\/politica-de-cookies\/#breadcrumb","itemListElement":[{"@type":"ListItem","position":1,"name":"Portada","item":"https:\/\/www.distribucionesvillar.com\/"},{"@type":"ListItem","position":2,"name":"Pol\u00edtica de Cookies"}]},{"@type":"WebSite","@id":"https:\/\/www.distribucionesvillar.com\/#website","url":"https:\/\/www.distribucionesvillar.com\/","name":"Distribuciones Villar","description":"Primeras marcas:  sistemas y art\u00edculos de limpieza, aseo e higiene. Tfno.  986 207 965","publisher":{"@id":"https:\/\/www.distribucionesvillar.com\/#organization"},"potentialAction":[{"@type":"SearchAction","target":{"@type":"EntryPoint","urlTemplate":"https:\/\/www.distribucionesvillar.com\/?s={search_term_string}"},"query-input":{"@type":"PropertyValueSpecification","valueRequired":true,"valueName":"search_term_string"}}],"inLanguage":"en-GB"},{"@type":"Organization","@id":"https:\/\/www.distribucionesvillar.com\/#organization","name":"Distribuciones Villar","url":"https:\/\/www.distribucionesvillar.com\/","logo":{"@type":"ImageObject","inLanguage":"en-GB","@id":"https:\/\/www.distribucionesvillar.com\/#\/schema\/logo\/image\/","url":"https:\/\/www.distribucionesvillar.com\/wp-content\/uploads\/2023\/03\/logo.png","contentUrl":"https:\/\/www.distribucionesvillar.com\/wp-content\/uploads\/2023\/03\/logo.png","width":537,"height":199,"caption":"Distribuciones Villar"},"image":{"@id":"https:\/\/www.distribucionesvillar.com\/#\/schema\/logo\/image\/"},"sameAs":["https:\/\/www.facebook.com\/Distribucionesvillar\/","https:\/\/www.instagram.com\/distribucionesvillargalicia\/"]}]}},"_links":{"self":[{"href":"https:\/\/www.distribucionesvillar.com\/en\/wp-json\/wp\/v2\/pages\/1485"}],"collection":[{"href":"https:\/\/www.distribucionesvillar.com\/en\/wp-json\/wp\/v2\/pages"}],"about":[{"href":"https:\/\/www.distribucionesvillar.com\/en\/wp-json\/wp\/v2\/types\/page"}],"author":[{"embeddable":true,"href":"https:\/\/www.distribucionesvillar.com\/en\/wp-json\/wp\/v2\/users\/2"}],"replies":[{"embeddable":true,"href":"https:\/\/www.distribucionesvillar.com\/en\/wp-json\/wp\/v2\/comments?post=1485"}],"version-history":[{"count":1,"href":"https:\/\/www.distribucionesvillar.com\/en\/wp-json\/wp\/v2\/pages\/1485\/revisions"}],"predecessor-version":[{"id":1965,"href":"https:\/\/www.distribucionesvillar.com\/en\/wp-json\/wp\/v2\/pages\/1485\/revisions\/1965"}],"wp:attachment":[{"href":"https:\/\/www.distribucionesvillar.com\/en\/wp-json\/wp\/v2\/media?parent=1485"}],"curies":[{"name":"wp","href":"https:\/\/api.w.org\/{rel}","templated":true}]}}